{"id":1169,"date":"2024-03-29T15:25:36","date_gmt":"2024-03-29T15:25:36","guid":{"rendered":"https:\/\/www.lovedoodles.eu\/?page_id=1169"},"modified":"2024-05-02T17:11:16","modified_gmt":"2024-05-02T17:11:16","slug":"gastgezinnen","status":"publish","type":"page","link":"https:\/\/www.lovedoodles.eu\/de\/gastgezinnen\/","title":{"rendered":"Pflege familien"},"content":{"rendered":"<p>Wir arbeiten gerne mit Gastfamilien zusammen. Auf diese Weise ist es m\u00f6glich, unseren zuk\u00fcnftigen Hund f\u00fcr das Zuchtprogramm in einer Familie mit kleinem Rahmen leben zu lassen, so dass er gen\u00fcgend Aufmerksamkeit bekommt. <\/p>\n\n\n\n<p>Anstatt selbst einen Welpen zu kaufen, k\u00f6nnen Sie sich daf\u00fcr entscheiden, eine Pflegestelle f\u00fcr einen Zuchthund zu werden. In diesem Fall ist f\u00fcr Sie kein Kaufpreis zu bezahlen. Das h\u00f6rt sich erstmal gut an, ist allerdings an einige Bedingungen gekn\u00fcpft!<\/p>\n\n\n\n<p>F\u00fcr uns als Z\u00fcchter ist die Vermittlung eines Welpen in eine Pflegefamilie ein gro\u00dfer Schritt. Es bedeutet, gro\u00dfes Vertrauen in die H\u00e4nde der Gastfamilie zu legen. Deshalb erwarten wir von Anfang an eine ehrliche Beziehung zwischen Z\u00fcchter und Pflegefamilie. Z\u00fcchter und Pflegefamilien gehen eine langfristige Partnerschaft ein, weshalb eine klare Kommunikation untereinander \u00fcber das Beste f\u00fcr den Welpen\/Hund unabdingbar ist. Pflegefamilien sollten grunds\u00e4tzlich in der N\u00e4he des Z\u00fcchters wohnen (Umkreis 100 km), damit wir auch den Kontakt zum Hund halten k\u00f6nnen.<\/p>\n\n\n\n<p>F\u00fcr uns als Z\u00fcchter ist es immer auch ein finanzielles Risiko, einen Welpen f\u00fcr die Zucht zu behalten, da man vor einem gewissen Alter nie sagen kann, dass genau dieser Hund f\u00fcr die strengen Zuchtanforderungen geeignet ist \u2013 Zahnanomalien oder andere unerw\u00fcnschte Sch\u00f6nheitsfehler k\u00f6nnen entwicklungsbedingt erst sp\u00e4ter auftreten.<\/p>\n\n\n\n<p>Was wir von Ihnen erwarten, ist, dass Sie ihm ein liebevolles Zuhause geben. Sie sorgen f\u00fcr eine gute Erziehung, ausreichend Bewegung, geistige Herausforderung und nat\u00fcrlich jede Menge Streicheleinheiten. Au\u00dferdem kommen die \u00fcblichen Kosten f\u00fcr einen Hund auf Sie zu, wie Futter, Impfungen, Hundeerziehung usw.<\/p>\n\n\n\n<p>Im Falle einer H\u00fcndin kommt diese maximal dreimal zu uns zur\u00fcck, um sich decken zu lassen und einen Wurf zu bekommen. Das bedeutet, dass sie ca. 10 Wochen bei uns bleiben wird. F\u00fcr einen R\u00fcden bedeutet das, dass wir ihn gelegentlich abholen und am gleichen Tag wieder zur\u00fcckbringen. Von R\u00fcdenbesitzern erwarten wir Flexibilit\u00e4t.<\/p>\n\n\n\n<p>Wir sind mit unseren Gastfamilien sehr zufrieden! Wir bedanken uns f\u00fcr die gute Zusammenarbeit<\/p>","protected":false},"excerpt":{"rendered":"<p>Wij werken graag met gastgezinnen. Op deze manier is het mogelijk om onze toekomstige honden voor het fokprogramma in een gezin in een kleine setting te laten leven, zodat hij voldoende aandacht krijgt. Dus in plaats van zelf een puppy te kopen, kunt u ervoor kiezen om pleeggezin te worden voor een fokhond. In dit &hellip; <a href=\"https:\/\/www.lovedoodles.eu\/de\/gastgezinnen\/\" class=\"more-link\">Weiterlesen <span class=\"screen-reader-text\">Pflege familien<\/span><\/a><\/p>","protected":false},"author":2,"featured_media":0,"parent":0,"menu_order":0,"comment_status":"closed","ping_status":"closed","template":"","meta":{"footnotes":""},"class_list":["post-1169","page","type-page","status-publish","hentry","without-featured-image"],"yoast_head":"<!-- This site is optimized with the Yoast SEO plugin v26.8 - https:\/\/yoast.com\/product\/yoast-seo-wordpress\/ -->\n<title>Gastgezin(nen) - Lovedoodles Australian Labradoodles<\/title>\n<meta name=\"robots\" content=\"index, follow, max-snippet:-1, max-image-preview:large, max-video-preview:-1\" \/>\n<link rel=\"canonical\" href=\"https:\/\/www.lovedoodles.eu\/de\/gastgezinnen\/\" \/>\n<meta property=\"og:locale\" content=\"de_DE\" \/>\n<meta property=\"og:type\" content=\"article\" \/>\n<meta property=\"og:title\" content=\"Gastgezin(nen) - Lovedoodles Australian Labradoodles\" \/>\n<meta property=\"og:description\" content=\"Wij werken graag met gastgezinnen. Op deze manier is het mogelijk om onze toekomstige honden voor het fokprogramma in een gezin in een kleine setting te laten leven, zodat hij voldoende aandacht krijgt. Dus in plaats van zelf een puppy te kopen, kunt u ervoor kiezen om pleeggezin te worden voor een fokhond. In dit &hellip; Weiterlesen Gastgezin(nen)\" \/>\n<meta property=\"og:url\" content=\"https:\/\/www.lovedoodles.eu\/de\/gastgezinnen\/\" \/>\n<meta property=\"og:site_name\" content=\"Lovedoodles Australian Labradoodles\" \/>\n<meta property=\"article:publisher\" content=\"https:\/\/www.facebook.com\/lovedoodleseurope\/\" \/>\n<meta property=\"article:modified_time\" content=\"2024-05-02T17:11:16+00:00\" \/>\n<meta name=\"twitter:card\" content=\"summary_large_image\" \/>\n<meta name=\"twitter:label1\" content=\"Gesch\u00e4tzte Lesezeit\" \/>\n\t<meta name=\"twitter:data1\" content=\"2\u00a0Minuten\" \/>\n<script type=\"application\/ld+json\" class=\"yoast-schema-graph\">{\"@context\":\"https:\/\/schema.org\",\"@graph\":[{\"@type\":\"WebPage\",\"@id\":\"https:\/\/www.lovedoodles.eu\/gastgezinnen\/\",\"url\":\"https:\/\/www.lovedoodles.eu\/gastgezinnen\/\",\"name\":\"Gastgezin(nen) - Lovedoodles Australian Labradoodles\",\"isPartOf\":{\"@id\":\"https:\/\/www.lovedoodles.eu\/#website\"},\"datePublished\":\"2024-03-29T15:25:36+00:00\",\"dateModified\":\"2024-05-02T17:11:16+00:00\",\"breadcrumb\":{\"@id\":\"https:\/\/www.lovedoodles.eu\/gastgezinnen\/#breadcrumb\"},\"inLanguage\":\"de\",\"potentialAction\":[{\"@type\":\"ReadAction\",\"target\":[\"https:\/\/www.lovedoodles.eu\/gastgezinnen\/\"]}]},{\"@type\":\"BreadcrumbList\",\"@id\":\"https:\/\/www.lovedoodles.eu\/gastgezinnen\/#breadcrumb\",\"itemListElement\":[{\"@type\":\"ListItem\",\"position\":1,\"name\":\"Home\",\"item\":\"https:\/\/www.lovedoodles.eu\/\"},{\"@type\":\"ListItem\",\"position\":2,\"name\":\"Gastgezin(nen)\"}]},{\"@type\":\"WebSite\",\"@id\":\"https:\/\/www.lovedoodles.eu\/#website\",\"url\":\"https:\/\/www.lovedoodles.eu\/\",\"name\":\"Lovedoodles.EU\",\"description\":\"Australian Labradoodle Zucht aus NRW\",\"publisher\":{\"@id\":\"https:\/\/www.lovedoodles.eu\/#organization\"},\"potentialAction\":[{\"@type\":\"SearchAction\",\"target\":{\"@type\":\"EntryPoint\",\"urlTemplate\":\"https:\/\/www.lovedoodles.eu\/?s={search_term_string}\"},\"query-input\":{\"@type\":\"PropertyValueSpecification\",\"valueRequired\":true,\"valueName\":\"search_term_string\"}}],\"inLanguage\":\"de\"},{\"@type\":\"Organization\",\"@id\":\"https:\/\/www.lovedoodles.eu\/#organization\",\"name\":\"Lovedoodles\",\"url\":\"https:\/\/www.lovedoodles.eu\/\",\"logo\":{\"@type\":\"ImageObject\",\"inLanguage\":\"de\",\"@id\":\"https:\/\/www.lovedoodles.eu\/#\/schema\/logo\/image\/\",\"url\":\"https:\/\/www.lovedoodles.eu\/wp-content\/uploads\/2018\/08\/Logo-2.png\",\"contentUrl\":\"https:\/\/www.lovedoodles.eu\/wp-content\/uploads\/2018\/08\/Logo-2.png\",\"width\":77,\"height\":42,\"caption\":\"Lovedoodles\"},\"image\":{\"@id\":\"https:\/\/www.lovedoodles.eu\/#\/schema\/logo\/image\/\"},\"sameAs\":[\"https:\/\/www.facebook.com\/lovedoodleseurope\/\"]}]}<\/script>\n<!-- \/ Yoast SEO plugin. -->","yoast_head_json":{"title":"Gastgezin(nen) - Lovedoodles Australian Labradoodles","robots":{"index":"index","follow":"follow","max-snippet":"max-snippet:-1","max-image-preview":"max-image-preview:large","max-video-preview":"max-video-preview:-1"},"canonical":"https:\/\/www.lovedoodles.eu\/de\/gastgezinnen\/","og_locale":"de_DE","og_type":"article","og_title":"Gastgezin(nen) - Lovedoodles Australian Labradoodles","og_description":"Wij werken graag met gastgezinnen. Op deze manier is het mogelijk om onze toekomstige honden voor het fokprogramma in een gezin in een kleine setting te laten leven, zodat hij voldoende aandacht krijgt. Dus in plaats van zelf een puppy te kopen, kunt u ervoor kiezen om pleeggezin te worden voor een fokhond. In dit &hellip; Weiterlesen Gastgezin(nen)","og_url":"https:\/\/www.lovedoodles.eu\/de\/gastgezinnen\/","og_site_name":"Lovedoodles Australian Labradoodles","article_publisher":"https:\/\/www.facebook.com\/lovedoodleseurope\/","article_modified_time":"2024-05-02T17:11:16+00:00","twitter_card":"summary_large_image","twitter_misc":{"Gesch\u00e4tzte Lesezeit":"2\u00a0Minuten"},"schema":{"@context":"https:\/\/schema.org","@graph":[{"@type":"WebPage","@id":"https:\/\/www.lovedoodles.eu\/gastgezinnen\/","url":"https:\/\/www.lovedoodles.eu\/gastgezinnen\/","name":"Gastgezin(nen) - Lovedoodles Australian Labradoodles","isPartOf":{"@id":"https:\/\/www.lovedoodles.eu\/#website"},"datePublished":"2024-03-29T15:25:36+00:00","dateModified":"2024-05-02T17:11:16+00:00","breadcrumb":{"@id":"https:\/\/www.lovedoodles.eu\/gastgezinnen\/#breadcrumb"},"inLanguage":"de","potentialAction":[{"@type":"ReadAction","target":["https:\/\/www.lovedoodles.eu\/gastgezinnen\/"]}]},{"@type":"BreadcrumbList","@id":"https:\/\/www.lovedoodles.eu\/gastgezinnen\/#breadcrumb","itemListElement":[{"@type":"ListItem","position":1,"name":"Home","item":"https:\/\/www.lovedoodles.eu\/"},{"@type":"ListItem","position":2,"name":"Gastgezin(nen)"}]},{"@type":"WebSite","@id":"https:\/\/www.lovedoodles.eu\/#website","url":"https:\/\/www.lovedoodles.eu\/","name":"Lovedoodles.EU","description":"Australian Labradoodle Zucht aus NRW","publisher":{"@id":"https:\/\/www.lovedoodles.eu\/#organization"},"potentialAction":[{"@type":"SearchAction","target":{"@type":"EntryPoint","urlTemplate":"https:\/\/www.lovedoodles.eu\/?s={search_term_string}"},"query-input":{"@type":"PropertyValueSpecification","valueRequired":true,"valueName":"search_term_string"}}],"inLanguage":"de"},{"@type":"Organization","@id":"https:\/\/www.lovedoodles.eu\/#organization","name":"Lovedoodles","url":"https:\/\/www.lovedoodles.eu\/","logo":{"@type":"ImageObject","inLanguage":"de","@id":"https:\/\/www.lovedoodles.eu\/#\/schema\/logo\/image\/","url":"https:\/\/www.lovedoodles.eu\/wp-content\/uploads\/2018\/08\/Logo-2.png","contentUrl":"https:\/\/www.lovedoodles.eu\/wp-content\/uploads\/2018\/08\/Logo-2.png","width":77,"height":42,"caption":"Lovedoodles"},"image":{"@id":"https:\/\/www.lovedoodles.eu\/#\/schema\/logo\/image\/"},"sameAs":["https:\/\/www.facebook.com\/lovedoodleseurope\/"]}]}},"_links":{"self":[{"href":"https:\/\/www.lovedoodles.eu\/de\/wp-json\/wp\/v2\/pages\/1169","targetHints":{"allow":["GET"]}}],"collection":[{"href":"https:\/\/www.lovedoodles.eu\/de\/wp-json\/wp\/v2\/pages"}],"about":[{"href":"https:\/\/www.lovedoodles.eu\/de\/wp-json\/wp\/v2\/types\/page"}],"author":[{"embeddable":true,"href":"https:\/\/www.lovedoodles.eu\/de\/wp-json\/wp\/v2\/users\/2"}],"replies":[{"embeddable":true,"href":"https:\/\/www.lovedoodles.eu\/de\/wp-json\/wp\/v2\/comments?post=1169"}],"version-history":[{"count":3,"href":"https:\/\/www.lovedoodles.eu\/de\/wp-json\/wp\/v2\/pages\/1169\/revisions"}],"predecessor-version":[{"id":1179,"href":"https:\/\/www.lovedoodles.eu\/de\/wp-json\/wp\/v2\/pages\/1169\/revisions\/1179"}],"wp:attachment":[{"href":"https:\/\/www.lovedoodles.eu\/de\/wp-json\/wp\/v2\/media?parent=1169"}],"curies":[{"name":"wp","href":"https:\/\/api.w.org\/{rel}","templated":true}]}}