{"id":2,"date":"2016-05-10T03:48:21","date_gmt":"2016-05-10T03:48:21","guid":{"rendered":"http:\/\/lovedoodles.eu\/?page_id=2"},"modified":"2025-02-19T07:50:39","modified_gmt":"2025-02-19T07:50:39","slug":"onze_honden","status":"publish","type":"page","link":"https:\/\/www.lovedoodles.eu\/de\/onze_honden\/","title":{"rendered":"Unsere Hunde"},"content":{"rendered":"<figure class=\"wp-block-table is-style-stripes\"><table class=\"has-fixed-layout\"><tbody><tr><td class=\"has-text-align-center\" data-align=\"center\"><img decoding=\"async\" src=\"https:\/\/www.lovedoodles.eu\/wp-content\/uploads\/2025\/02\/image-12-768x1024.png\" alt=\"Lovedoodles Sammy Doodleicious Australian Labradoodle\" width=\"300px\" height=\"400px\"><br><\/td><\/tr><tr><td class=\"has-text-align-center\" data-align=\"center\"><strong>Lovedoodles Sammy<\/strong><br><br>Diese wundersch\u00f6ne Dame mit ihrem wundersch\u00f6nen lockigen Vliesfell wird von allen geliebt. Ihr sanfter Charakter regt jedermanns Fantasie an. Sie begr\u00fc\u00dft jeden mit Begeisterung und Bellen ;-). <br><br><\/td><\/tr><\/tbody><\/table><\/figure>\n\n\n\n<figure class=\"wp-block-table is-style-stripes\"><table class=\"has-fixed-layout\"><tbody><tr><td><strong><a href=\"https:\/\/dutchaustralianlabradoodleclub.com\/\" target=\"_blank\" rel=\"noreferrer noopener\">DALC<\/a><\/strong>:  DALC0003206<br><br><\/td><td><strong>Kleur:<\/strong> Caramel <br>E-Locus : e\/e <br>B-Locus : b\/b<\/td><td><strong>DM:<\/strong> vrij<br><br><\/td><\/tr><tr><td><strong>Geboortedatum<\/strong>: 01\/11\/2022<\/td><td><strong>PRA\/PRCD:<\/strong> vrij<\/td><td><strong>IC:<\/strong> vrij<\/td><\/tr><tr><td><strong>Geslacht<\/strong>: Teef<\/td><td><strong>Heupen:<\/strong> OFA Good<\/td><td><strong>EIC:<\/strong> vrij<\/td><\/tr><tr><td><strong>Maat<\/strong>: Mini  46cm<\/td><td><strong>Ellebogen:<\/strong> OFA Good<\/td><td><strong>Von willebrand disease 1:<\/strong>&nbsp;vrij<\/td><\/tr><tr><td><strong>Vacht<\/strong>:Fleece<\/td><td><strong>Patella:<\/strong> OFA Normaal<\/td><td><strong>Ecvo<\/strong>&nbsp;: 11-06-2024<\/td><\/tr><tr><td><\/td><td><\/td><td><\/td><\/tr><tr><td><strong>Moeder:<\/strong> Lovedoodles Sunny<\/td><td><strong><a href=\"https:\/\/dutchaustralianlabradoodleclub.com\/\">DALC<\/a>:<\/strong> NDALC0001619<\/td><td><\/td><\/tr><tr><td><strong>Vader:<\/strong> Fifth Avenue Prince<\/td><td><strong><a href=\"https:\/\/mdba.net.au\/\" target=\"_blank\" rel=\"noreferrer noopener\">MDBA<\/a>:<\/strong> 152479F1<\/td><td><\/td><\/tr><tr><td>DNA  : Combibreed<br>ECVO : C. van Schaik Weert<br>HD\/ED\/Patella: <a href=\"https:\/\/ofa.org\/\" target=\"_blank\" rel=\"noreferrer noopener\">OFA<\/a><\/td><td><\/td><td><\/td><\/tr><tr><td><br><br><\/td><td><\/td><td><\/td><\/tr><\/tbody><\/table><\/figure>\n\n\n\n<figure class=\"wp-block-table is-style-stripes\"><table class=\"has-fixed-layout\"><tbody><tr><td class=\"has-text-align-center\" data-align=\"center\"><strong><img decoding=\"async\" src=\"https:\/\/www.lovedoodles.eu\/wp-content\/uploads\/2025\/02\/image-8-768x1024.png\" alt=\"lovedoodles mellow doodleicious Australian Labradoodles\" width=\"300px\" height=\"400px\"><\/strong><\/td><\/tr><tr><td class=\"has-text-align-center\" data-align=\"center\"><strong>Lovedoodles Mellow<\/strong><br><br>Der Name ist Mellow, diese farbenfrohe Dame hat einen tollen Charakter und macht ihrem Namen alle Ehre. Sanftm\u00fctig, ausgeglichen und schon als Welpe eine wirklich vorbildliche H\u00fcndin. Sie dreht jeden im Handumdrehen um <br><br><\/td><\/tr><\/tbody><\/table><\/figure>\n\n\n\n<figure class=\"wp-block-table is-style-stripes\"><table class=\"has-fixed-layout\"><tbody><tr><td><a href=\"https:\/\/dutchaustralianlabradoodleclub.com\/\" target=\"_blank\" rel=\"noreferrer noopener\">DALC<\/a>:<\/td><td><strong>Kleur<\/strong>: Parti<\/td><td>DM: vrij<\/td><\/tr><tr><td><strong>Geboortedatum<\/strong>:<\/td><td><strong>PRA\/PRCD:<\/strong> vrij<\/td><td><strong>IC:<\/strong> vrij<\/td><\/tr><tr><td><strong>Geslacht<\/strong>: Teef<\/td><td><strong>Heupen:<\/strong> OFA Good<\/td><td>E<strong>IC:<\/strong> vrij<\/td><\/tr><tr><td><strong>Maat<\/strong>: Mini  45cm<\/td><td><strong>Ellebogen:<\/strong> OFA Good<\/td><td><strong>Von willebrand disease 1:<\/strong>&nbsp;vrij<\/td><\/tr><tr><td><strong>Vacht<\/strong>:Fleece<\/td><td><strong>Patella:<\/strong> OFA Normaal<\/td><td><strong>Ecvo<\/strong>&nbsp;: 11-06-2024<\/td><\/tr><tr><td><\/td><td><\/td><td><\/td><\/tr><tr><td><strong>Moeder:<\/strong> Lovedoodles Reina<\/td><td><strong><a href=\"https:\/\/dutchaustralianlabradoodleclub.com\/\">DALC<\/a>:<\/strong> DALC0002142<\/td><td><\/td><\/tr><tr><td><strong>Vader:<\/strong> Salom Manor Ace<\/td><td><strong><a href=\"https:\/\/www.walalabradoodles.org\/\" target=\"_blank\" rel=\"noreferrer noopener\">Wala<\/a><\/strong>: 00043399<\/td><td><\/td><\/tr><tr><td><strong>DNA  : <\/strong><a href=\"https:\/\/www.orivet.com\/\" target=\"_blank\" rel=\"noreferrer noopener\">Orivet<\/a><br><strong>ECVO :<\/strong> C. van Schaik Weert<br><strong>HD\/ED\/Patella:<\/strong> <a href=\"https:\/\/ofa.org\/\" target=\"_blank\" rel=\"noreferrer noopener\">OFA<\/a><\/td><td><\/td><td><\/td><\/tr><tr><td><\/td><td><br><br><\/td><td><\/td><\/tr><\/tbody><\/table><\/figure>\n\n\n\n<figure class=\"wp-block-table aligncenter is-style-stripes\"><table class=\"has-fixed-layout\"><tbody><tr><td class=\"has-text-align-center\" data-align=\"center\"><img decoding=\"async\" src=\"https:\/\/www.lovedoodles.eu\/wp-content\/uploads\/2025\/02\/image-14-768x1024.png\" alt=\"Lovedoodles Puck Doodleicious Australian Labradoodle\" width=\"300px\" height=\"400px\"><\/td><\/tr><tr><td class=\"has-text-align-center\" data-align=\"center\"><strong>Lovedoodles Puck<\/strong><br><br>Puck ist eine wundersch\u00f6ne mittelgro\u00dfe Dame. Sie ist ein lustiger und sanfter Mensch, kann aber auch eine richtige B\u00e4uerin sein.<br><\/td><\/tr><\/tbody><\/table><\/figure>\n\n\n\n<figure class=\"wp-block-table is-style-stripes\"><table class=\"has-fixed-layout\"><tbody><tr><td><a href=\"https:\/\/dutchaustralianlabradoodleclub.com\/\" target=\"_blank\" rel=\"noreferrer noopener\"><strong>D<\/strong>A<strong>LC<\/strong><\/a><strong>:<\/strong><\/td><td><strong>Kleur: <\/strong>rood<\/td><td><strong>DM: <\/strong>vrij<\/td><\/tr><tr><td><strong>Geboortedatum:<\/strong> 08.04.2023<\/td><td><strong>PRA\/PRCD:<\/strong> Vrij<\/td><td><strong>IC:<\/strong> vrij<\/td><\/tr><tr><td> <strong>Geslacht:<\/strong> Teef<\/td><td><strong>Heupen:<\/strong> OFA Good<\/td><td><strong>EIC:<\/strong> vrij<\/td><\/tr><tr><td><strong>Maat<\/strong>: Medium 54CM<\/td><td><strong>Ellebogen:<\/strong> OFA Good<\/td><td><strong>Von willebrand disease 1:<\/strong> vrij<\/td><\/tr><tr><td><strong>Vacht:<\/strong> Curly Fleece<\/td><td><strong>Patella:<\/strong> OFA Good<\/td><td><strong>ECVO<\/strong>:<\/td><\/tr><tr><td><\/td><td><\/td><td><\/td><\/tr><tr><td><strong>Moeder: <\/strong>Lovedoodles Bo<\/td><td><strong><a href=\"https:\/\/dutchaustralianlabradoodleclub.com\/\" target=\"_blank\" rel=\"noreferrer noopener\">DALC<\/a>: <\/strong>DALC0002139<\/td><td><\/td><\/tr><tr><td><strong>Vader: <\/strong>Wagging tail Tazo<\/td><td><strong><a href=\"https:\/\/alaeu.com\/\" target=\"_blank\" rel=\"noreferrer noopener\">ALAEU<\/a><a href=\"ALAEU:\">:<\/a><\/strong> 12467<\/td><td><\/td><\/tr><tr><td><strong>DNA  : <\/strong><a href=\"https:\/\/www.orivet.com\/\" target=\"_blank\" rel=\"noreferrer noopener\">Orivet<\/a><br><strong>ECVO :<\/strong> C. van Schaik Weert<br><strong>HD\/ED\/Patella:<\/strong> <a href=\"https:\/\/ofa.org\/\" target=\"_blank\" rel=\"noreferrer noopener\">OFA<\/a><\/td><td><\/td><td><\/td><\/tr><\/tbody><\/table><\/figure>\n\n\n\n<figure class=\"wp-block-table is-style-stripes\"><table class=\"has-fixed-layout\"><tbody><tr><td class=\"has-text-align-center\" data-align=\"center\"><img decoding=\"async\" src=\"https:\/\/www.lovedoodles.eu\/wp-content\/uploads\/2025\/02\/image-11-768x1024.png\" alt=\"Lovedoodles Bo Doodlicious Australian Labradoodle\" width=\"300px\" height=\"400px\"><img alt=\"\"><br><br><strong>Lovedoodles BO<\/strong><\/td><\/tr><tr><td class=\"has-text-align-center\" data-align=\"center\">Bo ist die Tochter unserer Lilly und Cody von Kiki\u2019s wundersch\u00f6nen Labradoodles. Bo ist 2020 aus unserer eigenen Zucht hervorgegangen. Ein gro\u00dfer Teddyb\u00e4r, so unglaublich s\u00fc\u00df und gastfreundlich.<br><br><\/td><\/tr><\/tbody><\/table><\/figure>\n\n\n\n<figure class=\"wp-block-table is-style-stripes\"><table class=\"has-fixed-layout\"><tbody><tr><td><strong>DALC:<\/strong> DALC0002139<\/td><td><strong>Kleur: <\/strong>rood<\/td><td><strong>DM: <\/strong>vrij<\/td><\/tr><tr><td><strong>Geboortedatum:<\/strong> 08.04.2023<\/td><td><strong>PRA\/PRCD:<\/strong> Vrij<\/td><td><strong>IC: <\/strong>vrij<\/td><\/tr><tr><td><strong>Geslacht:<\/strong> Teef<\/td><td><strong>Heupen:<\/strong> OFA Good<\/td><td><strong>EIC: <\/strong>vrij<\/td><\/tr><tr><td><strong>Maat<\/strong>: Medium 54CM<\/td><td><strong>Ellebogen:<\/strong> OFA Good<\/td><td><strong>Von willebrand disease 1:<\/strong> vrij<\/td><\/tr><tr><td><strong>Vacht:<\/strong> Curly Fleece<\/td><td><strong>Patella:<\/strong> OFA Good<\/td><td>ECVO<\/td><\/tr><tr><td><\/td><td><\/td><td><\/td><\/tr><tr><td><strong>Moeder: <\/strong>Lovedoodles Bailey<\/td><td>DALC: NDALC0002143<\/td><td><\/td><\/tr><tr><td><strong>Vader: <\/strong>Kiki&#8217;s Lovely Codi<\/td><td>ALD 170412-1<\/td><td><\/td><\/tr><tr><td><strong>DNA  : <\/strong>Combibreed<br><strong>ECVO :<\/strong> C. van Schaik Weert<br><strong>HD\/ED\/Patella:<\/strong> <a href=\"https:\/\/ofa.org\/\" target=\"_blank\" rel=\"noreferrer noopener\">OFA<\/a><\/td><td><\/td><td><\/td><\/tr><tr><td><\/td><td><\/td><td><\/td><\/tr><\/tbody><\/table><\/figure>\n\n\n\n<figure class=\"wp-block-table is-style-stripes\"><table><tbody><tr><td class=\"has-text-align-center\" data-align=\"center\"><img decoding=\"async\" src=\"https:\/\/www.lovedoodles.eu\/wp-content\/uploads\/2025\/02\/image-6-768x1024.png\" alt=\"Lovedoodles Lilou Doodleicious Australian Labradoodle\" width=\"300px\" height=\"400px\"><\/td><\/tr><tr><td class=\"has-text-align-center\" data-align=\"center\"><strong><a href=\"https:\/\/www.doodleicious.eu\/unsere-hunden\/\" target=\"_blank\" rel=\"noreferrer noopener\">Doodleicious Lilou<\/a><\/strong><br><br>Lilou ist unser kleiner Racker. Sie ist ein echter Mini und lebt mit 2 anderen Doodles in einer Pflegefamilie. Dieser lustige Brief zaubert jedem jeden Tag ein L\u00e4cheln ins Gesicht<br><br><\/td><\/tr><\/tbody><\/table><\/figure>\n\n\n\n<figure class=\"wp-block-table is-style-stripes\"><table class=\"has-fixed-layout\"><tbody><tr><td><strong>WALA<\/strong>: 00097570<\/td><td><strong>Kleur:<\/strong> rood<\/td><td><strong>DM<\/strong>: vrij<\/td><\/tr><tr><td><strong>Geboortedatum: <\/strong>05.05.2023<\/td><td><strong>PRA\/PRCD<\/strong>: vrij<\/td><td><strong>IC:<\/strong> vrij<\/td><\/tr><tr><td><strong>Geslacht:<\/strong>&nbsp;Teef<\/td><td><strong>Heupen:<\/strong>&nbsp;OFA Good<\/td><td><strong>EIC<\/strong>: vrij<\/td><\/tr><tr><td><strong>Maat<\/strong>: Mini 40CM<\/td><td><strong>Ellebogen:<\/strong>&nbsp;OFA Good<\/td><td><strong>Von willebrand disease 1:<\/strong>&nbsp;vrij<\/td><\/tr><tr><td><strong>Vacht:<\/strong>&nbsp;Fleece<\/td><td><strong>Patella:<\/strong>&nbsp;OFA Good<\/td><td><strong>ECVO<\/strong>: 11,06.24<\/td><\/tr><tr><td><\/td><td><\/td><td><\/td><\/tr><tr><td><strong>Moeder<\/strong>: Playground<br>Mylo<\/td><td>WALA00076862<\/td><td><\/td><\/tr><tr><td><strong>Vader<\/strong>: Playground<br>Morris<\/td><td>WALA00069509<\/td><td><\/td><\/tr><tr><td><strong>DNA  : <\/strong><a href=\"https:\/\/www.orivet.com\/\" target=\"_blank\" rel=\"noreferrer noopener\">Orivet<\/a><br><strong>ECVO :<\/strong> C. van Schaik Weert<br><strong>HD\/ED\/Patella:<\/strong> <a href=\"https:\/\/ofa.org\/\" target=\"_blank\" rel=\"noreferrer noopener\">OFA<\/a><\/td><td><\/td><td><\/td><\/tr><\/tbody><\/table><\/figure>\n\n\n\n<figure class=\"wp-block-table is-style-stripes\"><table class=\"has-fixed-layout\"><tbody><tr><td class=\"has-text-align-center\" data-align=\"center\"><img decoding=\"async\" src=\"https:\/\/www.lovedoodles.eu\/wp-content\/uploads\/2025\/02\/image-7-768x1024.png\" alt=\"lovedoodles djawa doodleicious Australian Labradoodle\" width=\"300px\" height=\"400px\"><\/td><\/tr><tr><td class=\"has-text-align-center\" data-align=\"center\"><a href=\"https:\/\/www.doodleicious.eu\/unsere-hunden\/\" target=\"_blank\" rel=\"noreferrer noopener\">Micasa Doodleicious Labradoodles Djawa<\/a><br><br>Djawa ist eine energiegeladene Dame, die immer f\u00fcr ein Spiel oder eine Aktivit\u00e4t zu haben ist. Sehr s\u00fc\u00df und liebevoll, aber eine echte Dame<br><\/td><\/tr><\/tbody><\/table><\/figure>\n\n\n\n<figure class=\"wp-block-table is-style-stripes\"><table class=\"has-fixed-layout\"><tbody><tr><td><strong>WALA<\/strong>: WALA00099528<\/td><td>Kleur: chocola<\/td><td><strong>DM:<\/strong> vrij<\/td><\/tr><tr><td><strong>Geboortedatum<\/strong>: 09.09.2023<\/td><td>PRD\/PRCD: vrij<\/td><td><strong>IC:<\/strong> vrij<\/td><\/tr><tr><td>Geslacht<\/td><td>Heupen: OFA Good<\/td><td><strong>EIC:<\/strong> vrij<\/td><\/tr><tr><td>Maat<\/td><td>Ellebogen: OFA Good<\/td><td><strong>Von willebrand disease 1:<\/strong>&nbsp;vrij<\/td><\/tr><tr><td>Vacht<\/td><td>Patella: OFA Good<\/td><td><strong>ECVO<\/strong>: 11,06.24<\/td><\/tr><tr><td><\/td><td><\/td><td><\/td><\/tr><tr><td><strong>Moeder:<\/strong> Hale&#8217;s Take Your Shot <\/td><td>WALA00054574<\/td><td><\/td><\/tr><tr><td><strong>Vader:<\/strong> Micasa Luca<\/td><td>WALA00054922<\/td><td><\/td><\/tr><tr><td><strong>DNA  : <\/strong><a href=\"https:\/\/www.orivet.com\/\" target=\"_blank\" rel=\"noreferrer noopener\">Orivet<\/a><br><strong>ECVO :<\/strong> C. van Schaik Weert<br><strong>HD\/ED\/Patella:<\/strong> <a href=\"https:\/\/ofa.org\/\" target=\"_blank\" rel=\"noreferrer noopener\">OFA<\/a><\/td><td><\/td><td><\/td><\/tr><tr><td><\/td><td><\/td><td><\/td><\/tr><\/tbody><\/table><\/figure>\n\n\n\n<figure class=\"wp-block-table\"><table class=\"has-fixed-layout\"><tbody><tr><td class=\"has-text-align-center\" data-align=\"center\"><img decoding=\"async\" src=\"https:\/\/www.lovedoodles.eu\/wp-content\/uploads\/2025\/02\/image-15-768x1024.png\" alt=\"Lovedoodles Lotti australian labradoodles doodlicious\" width=\"300px\" height=\"400px\"><\/td><\/tr><tr><td class=\"has-text-align-center\" data-align=\"center\">Lotti is een zus van Mellow<br><br>to be tested<\/td><\/tr><\/tbody><\/table><\/figure>\n\n\n\n<figure class=\"wp-block-table\"><table class=\"has-fixed-layout\"><tbody><tr><td class=\"has-text-align-center\" data-align=\"center\"><img decoding=\"async\" src=\"https:\/\/www.lovedoodles.eu\/wp-content\/uploads\/2025\/02\/image-13-768x1024.png\" alt=\"lovedoodles cleo Doodleicous Australian Labradoodle\" width=\"300px\" height=\"400px\"><\/td><\/tr><tr><td class=\"has-text-align-center\" data-align=\"center\">Lovedoodles Cleo<br><br>To be tested<\/td><\/tr><\/tbody><\/table><\/figure>\n\n\n\n<p><\/p>","protected":false},"excerpt":{"rendered":"<p>Lovedoodles Sammy Deze prachtige dame met zijn mooie curly fleecevacht is bij iedereen gelieft. Haar zachtaardige karakter spreekt tot ieders verbeelding. Ze verwelkomt iedereen met enthousiasme en blaf ;-). DALC: DALC0003206 Kleur: Caramel E-Locus : e\/e B-Locus : b\/b DM: vrij Geboortedatum: 01\/11\/2022 PRA\/PRCD: vrij IC: vrij Geslacht: Teef Heupen: OFA Good EIC: vrij Maat: &hellip; <a href=\"https:\/\/www.lovedoodles.eu\/de\/onze_honden\/\" class=\"more-link\">Weiterlesen <span class=\"screen-reader-text\">Unsere Hunde<\/span><\/a><\/p>","protected":false},"author":1,"featured_media":0,"parent":0,"menu_order":0,"comment_status":"closed","ping_status":"closed","template":"page-templates\/full-width-page.php","meta":{"footnotes":""},"class_list":["post-2","page","type-page","status-publish","hentry","without-featured-image"],"yoast_head":"<!-- This site is optimized with the Yoast SEO plugin v26.8 - https:\/\/yoast.com\/product\/yoast-seo-wordpress\/ -->\n<title>Onze honden - Lovedoodles Australian Labradoodles<\/title>\n<meta name=\"robots\" content=\"index, follow, max-snippet:-1, max-image-preview:large, max-video-preview:-1\" \/>\n<link rel=\"canonical\" href=\"https:\/\/www.lovedoodles.eu\/de\/onze_honden\/\" \/>\n<meta property=\"og:locale\" content=\"de_DE\" \/>\n<meta property=\"og:type\" content=\"article\" \/>\n<meta property=\"og:title\" content=\"Onze honden - Lovedoodles Australian Labradoodles\" \/>\n<meta property=\"og:description\" content=\"Lovedoodles Sammy Deze prachtige dame met zijn mooie curly fleecevacht is bij iedereen gelieft. Haar zachtaardige karakter spreekt tot ieders verbeelding. Ze verwelkomt iedereen met enthousiasme en blaf ;-). DALC: DALC0003206 Kleur: Caramel E-Locus : e\/e B-Locus : b\/b DM: vrij Geboortedatum: 01\/11\/2022 PRA\/PRCD: vrij IC: vrij Geslacht: Teef Heupen: OFA Good EIC: vrij Maat: &hellip; Weiterlesen Onze honden\" \/>\n<meta property=\"og:url\" content=\"https:\/\/www.lovedoodles.eu\/de\/onze_honden\/\" \/>\n<meta property=\"og:site_name\" content=\"Lovedoodles Australian Labradoodles\" \/>\n<meta property=\"article:publisher\" content=\"https:\/\/www.facebook.com\/lovedoodleseurope\/\" \/>\n<meta property=\"article:modified_time\" content=\"2025-02-19T07:50:39+00:00\" \/>\n<meta property=\"og:image\" content=\"https:\/\/www.lovedoodles.eu\/wp-content\/uploads\/2025\/02\/image-12-768x1024.png\" \/>\n<meta name=\"twitter:card\" content=\"summary_large_image\" \/>\n<meta name=\"twitter:label1\" content=\"Gesch\u00e4tzte Lesezeit\" \/>\n\t<meta name=\"twitter:data1\" content=\"5\u00a0Minuten\" \/>\n<script type=\"application\/ld+json\" class=\"yoast-schema-graph\">{\"@context\":\"https:\/\/schema.org\",\"@graph\":[{\"@type\":\"WebPage\",\"@id\":\"https:\/\/www.lovedoodles.eu\/onze_honden\/\",\"url\":\"https:\/\/www.lovedoodles.eu\/onze_honden\/\",\"name\":\"Onze honden - Lovedoodles Australian Labradoodles\",\"isPartOf\":{\"@id\":\"https:\/\/www.lovedoodles.eu\/#website\"},\"primaryImageOfPage\":{\"@id\":\"https:\/\/www.lovedoodles.eu\/onze_honden\/#primaryimage\"},\"image\":{\"@id\":\"https:\/\/www.lovedoodles.eu\/onze_honden\/#primaryimage\"},\"thumbnailUrl\":\"https:\/\/www.lovedoodles.eu\/wp-content\/uploads\/2025\/02\/image-12-768x1024.png\",\"datePublished\":\"2016-05-10T03:48:21+00:00\",\"dateModified\":\"2025-02-19T07:50:39+00:00\",\"breadcrumb\":{\"@id\":\"https:\/\/www.lovedoodles.eu\/onze_honden\/#breadcrumb\"},\"inLanguage\":\"de\",\"potentialAction\":[{\"@type\":\"ReadAction\",\"target\":[\"https:\/\/www.lovedoodles.eu\/onze_honden\/\"]}]},{\"@type\":\"ImageObject\",\"inLanguage\":\"de\",\"@id\":\"https:\/\/www.lovedoodles.eu\/onze_honden\/#primaryimage\",\"url\":\"https:\/\/www.lovedoodles.eu\/wp-content\/uploads\/2025\/02\/image-12-768x1024.png\",\"contentUrl\":\"https:\/\/www.lovedoodles.eu\/wp-content\/uploads\/2025\/02\/image-12-768x1024.png\"},{\"@type\":\"BreadcrumbList\",\"@id\":\"https:\/\/www.lovedoodles.eu\/onze_honden\/#breadcrumb\",\"itemListElement\":[{\"@type\":\"ListItem\",\"position\":1,\"name\":\"Home\",\"item\":\"https:\/\/www.lovedoodles.eu\/\"},{\"@type\":\"ListItem\",\"position\":2,\"name\":\"Onze honden\"}]},{\"@type\":\"WebSite\",\"@id\":\"https:\/\/www.lovedoodles.eu\/#website\",\"url\":\"https:\/\/www.lovedoodles.eu\/\",\"name\":\"Lovedoodles.EU\",\"description\":\"Australian Labradoodle Zucht aus NRW\",\"publisher\":{\"@id\":\"https:\/\/www.lovedoodles.eu\/#organization\"},\"potentialAction\":[{\"@type\":\"SearchAction\",\"target\":{\"@type\":\"EntryPoint\",\"urlTemplate\":\"https:\/\/www.lovedoodles.eu\/?s={search_term_string}\"},\"query-input\":{\"@type\":\"PropertyValueSpecification\",\"valueRequired\":true,\"valueName\":\"search_term_string\"}}],\"inLanguage\":\"de\"},{\"@type\":\"Organization\",\"@id\":\"https:\/\/www.lovedoodles.eu\/#organization\",\"name\":\"Lovedoodles\",\"url\":\"https:\/\/www.lovedoodles.eu\/\",\"logo\":{\"@type\":\"ImageObject\",\"inLanguage\":\"de\",\"@id\":\"https:\/\/www.lovedoodles.eu\/#\/schema\/logo\/image\/\",\"url\":\"https:\/\/www.lovedoodles.eu\/wp-content\/uploads\/2018\/08\/Logo-2.png\",\"contentUrl\":\"https:\/\/www.lovedoodles.eu\/wp-content\/uploads\/2018\/08\/Logo-2.png\",\"width\":77,\"height\":42,\"caption\":\"Lovedoodles\"},\"image\":{\"@id\":\"https:\/\/www.lovedoodles.eu\/#\/schema\/logo\/image\/\"},\"sameAs\":[\"https:\/\/www.facebook.com\/lovedoodleseurope\/\"]}]}<\/script>\n<!-- \/ Yoast SEO plugin. -->","yoast_head_json":{"title":"Onze honden - Lovedoodles Australian Labradoodles","robots":{"index":"index","follow":"follow","max-snippet":"max-snippet:-1","max-image-preview":"max-image-preview:large","max-video-preview":"max-video-preview:-1"},"canonical":"https:\/\/www.lovedoodles.eu\/de\/onze_honden\/","og_locale":"de_DE","og_type":"article","og_title":"Onze honden - Lovedoodles Australian Labradoodles","og_description":"Lovedoodles Sammy Deze prachtige dame met zijn mooie curly fleecevacht is bij iedereen gelieft. Haar zachtaardige karakter spreekt tot ieders verbeelding. Ze verwelkomt iedereen met enthousiasme en blaf ;-). DALC: DALC0003206 Kleur: Caramel E-Locus : e\/e B-Locus : b\/b DM: vrij Geboortedatum: 01\/11\/2022 PRA\/PRCD: vrij IC: vrij Geslacht: Teef Heupen: OFA Good EIC: vrij Maat: &hellip; Weiterlesen Onze honden","og_url":"https:\/\/www.lovedoodles.eu\/de\/onze_honden\/","og_site_name":"Lovedoodles Australian Labradoodles","article_publisher":"https:\/\/www.facebook.com\/lovedoodleseurope\/","article_modified_time":"2025-02-19T07:50:39+00:00","og_image":[{"url":"https:\/\/www.lovedoodles.eu\/wp-content\/uploads\/2025\/02\/image-12-768x1024.png","type":"","width":"","height":""}],"twitter_card":"summary_large_image","twitter_misc":{"Gesch\u00e4tzte Lesezeit":"5\u00a0Minuten"},"schema":{"@context":"https:\/\/schema.org","@graph":[{"@type":"WebPage","@id":"https:\/\/www.lovedoodles.eu\/onze_honden\/","url":"https:\/\/www.lovedoodles.eu\/onze_honden\/","name":"Onze honden - Lovedoodles Australian Labradoodles","isPartOf":{"@id":"https:\/\/www.lovedoodles.eu\/#website"},"primaryImageOfPage":{"@id":"https:\/\/www.lovedoodles.eu\/onze_honden\/#primaryimage"},"image":{"@id":"https:\/\/www.lovedoodles.eu\/onze_honden\/#primaryimage"},"thumbnailUrl":"https:\/\/www.lovedoodles.eu\/wp-content\/uploads\/2025\/02\/image-12-768x1024.png","datePublished":"2016-05-10T03:48:21+00:00","dateModified":"2025-02-19T07:50:39+00:00","breadcrumb":{"@id":"https:\/\/www.lovedoodles.eu\/onze_honden\/#breadcrumb"},"inLanguage":"de","potentialAction":[{"@type":"ReadAction","target":["https:\/\/www.lovedoodles.eu\/onze_honden\/"]}]},{"@type":"ImageObject","inLanguage":"de","@id":"https:\/\/www.lovedoodles.eu\/onze_honden\/#primaryimage","url":"https:\/\/www.lovedoodles.eu\/wp-content\/uploads\/2025\/02\/image-12-768x1024.png","contentUrl":"https:\/\/www.lovedoodles.eu\/wp-content\/uploads\/2025\/02\/image-12-768x1024.png"},{"@type":"BreadcrumbList","@id":"https:\/\/www.lovedoodles.eu\/onze_honden\/#breadcrumb","itemListElement":[{"@type":"ListItem","position":1,"name":"Home","item":"https:\/\/www.lovedoodles.eu\/"},{"@type":"ListItem","position":2,"name":"Onze honden"}]},{"@type":"WebSite","@id":"https:\/\/www.lovedoodles.eu\/#website","url":"https:\/\/www.lovedoodles.eu\/","name":"Lovedoodles.EU","description":"Australian Labradoodle Zucht aus NRW","publisher":{"@id":"https:\/\/www.lovedoodles.eu\/#organization"},"potentialAction":[{"@type":"SearchAction","target":{"@type":"EntryPoint","urlTemplate":"https:\/\/www.lovedoodles.eu\/?s={search_term_string}"},"query-input":{"@type":"PropertyValueSpecification","valueRequired":true,"valueName":"search_term_string"}}],"inLanguage":"de"},{"@type":"Organization","@id":"https:\/\/www.lovedoodles.eu\/#organization","name":"Lovedoodles","url":"https:\/\/www.lovedoodles.eu\/","logo":{"@type":"ImageObject","inLanguage":"de","@id":"https:\/\/www.lovedoodles.eu\/#\/schema\/logo\/image\/","url":"https:\/\/www.lovedoodles.eu\/wp-content\/uploads\/2018\/08\/Logo-2.png","contentUrl":"https:\/\/www.lovedoodles.eu\/wp-content\/uploads\/2018\/08\/Logo-2.png","width":77,"height":42,"caption":"Lovedoodles"},"image":{"@id":"https:\/\/www.lovedoodles.eu\/#\/schema\/logo\/image\/"},"sameAs":["https:\/\/www.facebook.com\/lovedoodleseurope\/"]}]}},"_links":{"self":[{"href":"https:\/\/www.lovedoodles.eu\/de\/wp-json\/wp\/v2\/pages\/2","targetHints":{"allow":["GET"]}}],"collection":[{"href":"https:\/\/www.lovedoodles.eu\/de\/wp-json\/wp\/v2\/pages"}],"about":[{"href":"https:\/\/www.lovedoodles.eu\/de\/wp-json\/wp\/v2\/types\/page"}],"author":[{"embeddable":true,"href":"https:\/\/www.lovedoodles.eu\/de\/wp-json\/wp\/v2\/users\/1"}],"replies":[{"embeddable":true,"href":"https:\/\/www.lovedoodles.eu\/de\/wp-json\/wp\/v2\/comments?post=2"}],"version-history":[{"count":144,"href":"https:\/\/www.lovedoodles.eu\/de\/wp-json\/wp\/v2\/pages\/2\/revisions"}],"predecessor-version":[{"id":1307,"href":"https:\/\/www.lovedoodles.eu\/de\/wp-json\/wp\/v2\/pages\/2\/revisions\/1307"}],"wp:attachment":[{"href":"https:\/\/www.lovedoodles.eu\/de\/wp-json\/wp\/v2\/media?parent=2"}],"curies":[{"name":"wp","href":"https:\/\/api.w.org\/{rel}","templated":true}]}}