{"id":601,"date":"2018-08-24T09:23:04","date_gmt":"2018-08-24T09:23:04","guid":{"rendered":"http:\/\/www.lovedoodles.eu\/?page_id=601"},"modified":"2022-04-27T12:14:23","modified_gmt":"2022-04-27T12:14:23","slug":"labradoodle-ras-informatie","status":"publish","type":"page","link":"https:\/\/www.lovedoodles.eu\/de\/labradoodle-ras-informatie\/","title":{"rendered":"Informationen zur Rasse"},"content":{"rendered":"<p class=\"translation-block\">HINWEIS: hier findest du eine Sammlung von texten, die wir gesammelt haben, um so eine gute Beschreibung der Rasse anbieten zu k\u00f6nnen. Dazu haben wir unterschiedliche Quellen genutzt, wie z.B. Webseiten, Literatur oder Facebook<\/p>\n\n\n\n<p class=\"translation-block\">Der Australian Labradoodle ist das Ergebnis einer Suche nach einem allergikerfreundlichen Hilfshund, der seit Anfang der 70er Jahre gez\u00fcchtet wird. Wally Cochran war der erste Z\u00fcchter der mit einem Labrador und einem Pudel z\u00fcchtete, und nannte das Ergebnis den Labradoodle. Tegan Park und Rutland-Manners aus Australien haben das Werk von Cochran fortgesetzt und legten somit den Grundstein der Australian Labradoodles. Der Australian Labradoodle ist keine einfache kreuzung von einem Labrador und einem Pudel. Ein sehr komplexes Zuchtprogramm, mit genaustens geplante infusionen von anderen Rassen hat daf\u00fcr gesorgt, dass der Australian Labradoodle seine besondere Eigenschaften hat. Der Australian Labradoodle hat ein freundlichen und sozialen Charakter und ein allergikerfreundliches Fell. Australian Labradoodles haben welliges oder Lockiges Fell und sei geben keine Ger\u00fcche vom K\u00f6rper oder vom Fell ab, dies macht den Australian Labradoodle zum idealen Familienhund f\u00fcr die Menschen, die normalerweise kein Hund halten k\u00f6nnen.<\/p>\n\n\n\n<p><strong>Die Farben:<\/strong><br>Die Farben sind unterschiedlich, u.a. gibt es gebrochenes wei\u00df, Schwarz, Rot, Hellbraun, Braun, Grau und Abrikosenfarbend. Haselnussfarbene Augen kommen h\u00e4ufig bei Hunden mit Leberfarbene Pigmente, Braune oder Schwarze Augen bei Hunde mit Schwarzem Pigment.<\/p>\n\n\n\n<p><strong>Verschiedene Namen?<\/strong><br><\/p>\n\n\n\n<p>Durch Curtis Rist von Hudson Labradoodles, basierend auf Informationen vom grundleger der Rasse: Beverley Rutland-Manners und Tegan Park (Z\u00fcchterin in Ruhestand) Frei erz\u00e4hlt von Nanja de Koning, Dog`s Paradise Labradoodles.<\/p>\n\n\n\n<p>Der lustige Name Labradoodle wird den Hunden, die direkt aus den Blutlinien von Tegan Park und Rutland-Manners stammen, eigentlich nicht gerecht. Die Rasse stammt urspr\u00fcnglich aus einer Kreuzung zwischen Labrador und Pudel, aber dadurch, dass Tegan Park mindestens 6 andere Rassen mit in die Z\u00fcchtung genommen hat, ist der Australian multigen Labradoodle viel mehr als nur eine Kreuzung zwischen einem Labrador und einem Pudel. Hier folgt eine erkl\u00e4rung von der Gen-Zusammensetzung der unterschiedlichen Generationen der Labradoodles (z.B. F1, F1B und F2) und den Australian Labradoodles um den unterschied  zu verdeutlichen.<\/p>\n\n\n\n<p><strong>F1<br><\/strong>Ab dem Moment als Gregor Mendel begann mit Erbsen zu experimentieren, wurde die erste Generation einer Kreuzung eine F1 genannt. Bei den Labradoodles ist das also eine Kreuzung zwischen einem Labrador und einem Pudel. Ein Hund der F1 Genration tr\u00e4gt also 50% der Gene eines Labradors und 50% der Gene eines Pudels in sich.<\/p>\n\n\n\n<p><strong>F1B<br><\/strong>Dadurch, dass F1\u00b4s meistens Haare verlieren, werden sie manchmal zur\u00fcckgekreuzt mit einem Pudel in der Hoffnung ein stabileres Fell zu kreieren. Diese Abk\u00f6mmlinge haben also 3 Pudel als Gro\u00dfeltern und haben dadurch auch 75% ihrer Gene von einem Pudel. Deshalb ist es logisch, dass sie keine Haare mehr verlieren; der Pudel ist ein nicht-haarender Hund.<\/p>\n\n\n\n<p><strong>F2, F3, F4 und multigen Labradoodles<br><\/strong>Wenn zwei F1 Labradoodles miteinander gekreuzt werden, bekommt man ein Labradoodle der Generation F2, zwei F2 Labradoodles bekommen ein Welpe der Generation F3 usw.<\/p>\n\n\n\n<p>Ab der dritten Generation werden sie Multigeneration (multigen) genannt. \"Aber das sind immernoch keine original Australian Labradoodles.\" Genetisch gesehen sind sie mit der F1 Generation gleichzusetzen; sie tragen ebenfalls 50% der Gene eines Labradors und 50% der Gene eines Pudels mit sich.<\/p>\n\n\n\n<p>Wenn ein F1B mit einem Hund der F1, Generation gekreuzt wird liegt der Anteil an Pudel Gene in der daraus entstehenden F2 Generation sogar noch h\u00f6her, n\u00e4mlich bei 62,5% ((50%+75%)\/2) Dies ist auch bei F2BxF2 oder bei F3B und F3 der Fall.<\/p>","protected":false},"excerpt":{"rendered":"<p>DISCLAIMER: Hieronder vind je een verzameling van teksten uit verschillende bronnen (websites, facebook, literatuur) die wij verzameld hebben, en hebben gebundeld tot een goede beschrijving van het ras. De Australian Labradoodle is het resultaat van de zoektocht naar een allergievriendelijke geleidehond, welke sinds het begin van de 70-er jaren gefokt wordt. Wally Cochran was de &hellip; <a href=\"https:\/\/www.lovedoodles.eu\/de\/labradoodle-ras-informatie\/\" class=\"more-link\">Weiterlesen <span class=\"screen-reader-text\">Informationen zur Rasse<\/span><\/a><\/p>","protected":false},"author":1,"featured_media":0,"parent":0,"menu_order":0,"comment_status":"closed","ping_status":"closed","template":"page-templates\/full-width-page.php","meta":{"footnotes":""},"class_list":["post-601","page","type-page","status-publish","hentry","without-featured-image"],"yoast_head":"<!-- This site is optimized with the Yoast SEO plugin v26.8 - https:\/\/yoast.com\/product\/yoast-seo-wordpress\/ -->\n<title>Ras informatie - Lovedoodles Australian Labradoodles<\/title>\n<meta name=\"description\" content=\"Verzameling teksten ras beschrijving, herkomst, ontstaan van de labradoodle\" \/>\n<meta name=\"robots\" content=\"index, follow, max-snippet:-1, max-image-preview:large, max-video-preview:-1\" \/>\n<link rel=\"canonical\" href=\"https:\/\/www.lovedoodles.eu\/de\/labradoodle-ras-informatie\/\" \/>\n<meta property=\"og:locale\" content=\"de_DE\" \/>\n<meta property=\"og:type\" content=\"article\" \/>\n<meta property=\"og:title\" content=\"Ras informatie - Lovedoodles Australian Labradoodles\" \/>\n<meta property=\"og:description\" content=\"Verzameling teksten ras beschrijving, herkomst, ontstaan van de labradoodle\" \/>\n<meta property=\"og:url\" content=\"https:\/\/www.lovedoodles.eu\/de\/labradoodle-ras-informatie\/\" \/>\n<meta property=\"og:site_name\" content=\"Lovedoodles Australian Labradoodles\" \/>\n<meta property=\"article:publisher\" content=\"https:\/\/www.facebook.com\/lovedoodleseurope\/\" \/>\n<meta property=\"article:modified_time\" content=\"2022-04-27T12:14:23+00:00\" \/>\n<meta name=\"twitter:card\" content=\"summary_large_image\" \/>\n<meta name=\"twitter:label1\" content=\"Gesch\u00e4tzte Lesezeit\" \/>\n\t<meta name=\"twitter:data1\" content=\"3\u00a0Minuten\" \/>\n<script type=\"application\/ld+json\" class=\"yoast-schema-graph\">{\"@context\":\"https:\/\/schema.org\",\"@graph\":[{\"@type\":\"WebPage\",\"@id\":\"https:\/\/www.lovedoodles.eu\/labradoodle-ras-informatie\/\",\"url\":\"https:\/\/www.lovedoodles.eu\/labradoodle-ras-informatie\/\",\"name\":\"Ras informatie - Lovedoodles Australian Labradoodles\",\"isPartOf\":{\"@id\":\"https:\/\/www.lovedoodles.eu\/#website\"},\"datePublished\":\"2018-08-24T09:23:04+00:00\",\"dateModified\":\"2022-04-27T12:14:23+00:00\",\"description\":\"Verzameling teksten ras beschrijving, herkomst, ontstaan van de labradoodle\",\"breadcrumb\":{\"@id\":\"https:\/\/www.lovedoodles.eu\/labradoodle-ras-informatie\/#breadcrumb\"},\"inLanguage\":\"de\",\"potentialAction\":[{\"@type\":\"ReadAction\",\"target\":[\"https:\/\/www.lovedoodles.eu\/labradoodle-ras-informatie\/\"]}]},{\"@type\":\"BreadcrumbList\",\"@id\":\"https:\/\/www.lovedoodles.eu\/labradoodle-ras-informatie\/#breadcrumb\",\"itemListElement\":[{\"@type\":\"ListItem\",\"position\":1,\"name\":\"Home\",\"item\":\"https:\/\/www.lovedoodles.eu\/\"},{\"@type\":\"ListItem\",\"position\":2,\"name\":\"Ras informatie\"}]},{\"@type\":\"WebSite\",\"@id\":\"https:\/\/www.lovedoodles.eu\/#website\",\"url\":\"https:\/\/www.lovedoodles.eu\/\",\"name\":\"Lovedoodles.EU\",\"description\":\"Australian Labradoodle Zucht aus NRW\",\"publisher\":{\"@id\":\"https:\/\/www.lovedoodles.eu\/#organization\"},\"potentialAction\":[{\"@type\":\"SearchAction\",\"target\":{\"@type\":\"EntryPoint\",\"urlTemplate\":\"https:\/\/www.lovedoodles.eu\/?s={search_term_string}\"},\"query-input\":{\"@type\":\"PropertyValueSpecification\",\"valueRequired\":true,\"valueName\":\"search_term_string\"}}],\"inLanguage\":\"de\"},{\"@type\":\"Organization\",\"@id\":\"https:\/\/www.lovedoodles.eu\/#organization\",\"name\":\"Lovedoodles\",\"url\":\"https:\/\/www.lovedoodles.eu\/\",\"logo\":{\"@type\":\"ImageObject\",\"inLanguage\":\"de\",\"@id\":\"https:\/\/www.lovedoodles.eu\/#\/schema\/logo\/image\/\",\"url\":\"https:\/\/www.lovedoodles.eu\/wp-content\/uploads\/2018\/08\/Logo-2.png\",\"contentUrl\":\"https:\/\/www.lovedoodles.eu\/wp-content\/uploads\/2018\/08\/Logo-2.png\",\"width\":77,\"height\":42,\"caption\":\"Lovedoodles\"},\"image\":{\"@id\":\"https:\/\/www.lovedoodles.eu\/#\/schema\/logo\/image\/\"},\"sameAs\":[\"https:\/\/www.facebook.com\/lovedoodleseurope\/\"]}]}<\/script>\n<!-- \/ Yoast SEO plugin. -->","yoast_head_json":{"title":"Ras informatie - Lovedoodles Australian Labradoodles","description":"Verzameling teksten ras beschrijving, herkomst, ontstaan van de labradoodle","robots":{"index":"index","follow":"follow","max-snippet":"max-snippet:-1","max-image-preview":"max-image-preview:large","max-video-preview":"max-video-preview:-1"},"canonical":"https:\/\/www.lovedoodles.eu\/de\/labradoodle-ras-informatie\/","og_locale":"de_DE","og_type":"article","og_title":"Ras informatie - Lovedoodles Australian Labradoodles","og_description":"Verzameling teksten ras beschrijving, herkomst, ontstaan van de labradoodle","og_url":"https:\/\/www.lovedoodles.eu\/de\/labradoodle-ras-informatie\/","og_site_name":"Lovedoodles Australian Labradoodles","article_publisher":"https:\/\/www.facebook.com\/lovedoodleseurope\/","article_modified_time":"2022-04-27T12:14:23+00:00","twitter_card":"summary_large_image","twitter_misc":{"Gesch\u00e4tzte Lesezeit":"3\u00a0Minuten"},"schema":{"@context":"https:\/\/schema.org","@graph":[{"@type":"WebPage","@id":"https:\/\/www.lovedoodles.eu\/labradoodle-ras-informatie\/","url":"https:\/\/www.lovedoodles.eu\/labradoodle-ras-informatie\/","name":"Ras informatie - Lovedoodles Australian Labradoodles","isPartOf":{"@id":"https:\/\/www.lovedoodles.eu\/#website"},"datePublished":"2018-08-24T09:23:04+00:00","dateModified":"2022-04-27T12:14:23+00:00","description":"Verzameling teksten ras beschrijving, herkomst, ontstaan van de labradoodle","breadcrumb":{"@id":"https:\/\/www.lovedoodles.eu\/labradoodle-ras-informatie\/#breadcrumb"},"inLanguage":"de","potentialAction":[{"@type":"ReadAction","target":["https:\/\/www.lovedoodles.eu\/labradoodle-ras-informatie\/"]}]},{"@type":"BreadcrumbList","@id":"https:\/\/www.lovedoodles.eu\/labradoodle-ras-informatie\/#breadcrumb","itemListElement":[{"@type":"ListItem","position":1,"name":"Home","item":"https:\/\/www.lovedoodles.eu\/"},{"@type":"ListItem","position":2,"name":"Ras informatie"}]},{"@type":"WebSite","@id":"https:\/\/www.lovedoodles.eu\/#website","url":"https:\/\/www.lovedoodles.eu\/","name":"Lovedoodles.EU","description":"Australian Labradoodle Zucht aus NRW","publisher":{"@id":"https:\/\/www.lovedoodles.eu\/#organization"},"potentialAction":[{"@type":"SearchAction","target":{"@type":"EntryPoint","urlTemplate":"https:\/\/www.lovedoodles.eu\/?s={search_term_string}"},"query-input":{"@type":"PropertyValueSpecification","valueRequired":true,"valueName":"search_term_string"}}],"inLanguage":"de"},{"@type":"Organization","@id":"https:\/\/www.lovedoodles.eu\/#organization","name":"Lovedoodles","url":"https:\/\/www.lovedoodles.eu\/","logo":{"@type":"ImageObject","inLanguage":"de","@id":"https:\/\/www.lovedoodles.eu\/#\/schema\/logo\/image\/","url":"https:\/\/www.lovedoodles.eu\/wp-content\/uploads\/2018\/08\/Logo-2.png","contentUrl":"https:\/\/www.lovedoodles.eu\/wp-content\/uploads\/2018\/08\/Logo-2.png","width":77,"height":42,"caption":"Lovedoodles"},"image":{"@id":"https:\/\/www.lovedoodles.eu\/#\/schema\/logo\/image\/"},"sameAs":["https:\/\/www.facebook.com\/lovedoodleseurope\/"]}]}},"_links":{"self":[{"href":"https:\/\/www.lovedoodles.eu\/de\/wp-json\/wp\/v2\/pages\/601","targetHints":{"allow":["GET"]}}],"collection":[{"href":"https:\/\/www.lovedoodles.eu\/de\/wp-json\/wp\/v2\/pages"}],"about":[{"href":"https:\/\/www.lovedoodles.eu\/de\/wp-json\/wp\/v2\/types\/page"}],"author":[{"embeddable":true,"href":"https:\/\/www.lovedoodles.eu\/de\/wp-json\/wp\/v2\/users\/1"}],"replies":[{"embeddable":true,"href":"https:\/\/www.lovedoodles.eu\/de\/wp-json\/wp\/v2\/comments?post=601"}],"version-history":[{"count":10,"href":"https:\/\/www.lovedoodles.eu\/de\/wp-json\/wp\/v2\/pages\/601\/revisions"}],"predecessor-version":[{"id":1010,"href":"https:\/\/www.lovedoodles.eu\/de\/wp-json\/wp\/v2\/pages\/601\/revisions\/1010"}],"wp:attachment":[{"href":"https:\/\/www.lovedoodles.eu\/de\/wp-json\/wp\/v2\/media?parent=601"}],"curies":[{"name":"wp","href":"https:\/\/api.w.org\/{rel}","templated":true}]}}