{"id":898,"date":"2020-09-25T06:31:28","date_gmt":"2020-09-25T06:31:28","guid":{"rendered":"https:\/\/www.lovedoodles.eu\/?page_id=898"},"modified":"2022-04-28T05:39:07","modified_gmt":"2022-04-28T05:39:07","slug":"puppies","status":"publish","type":"page","link":"https:\/\/www.lovedoodles.eu\/de\/puppies\/","title":{"rendered":"Welpen"},"content":{"rendered":"<p>Als Z\u00fcchter von Labradoodles finden wir es sehr wichtig um sehr viel Zeit und Aufmerksamkeit an unsere Hunde und die Welpen zu geben. Bei <a href=\"https:\/\/www.lovedoodles.eu\/de\/\">Lovedoodles <\/a>leben die Hunde alle im Haus, nicht in Zwinger, drau\u00dfen oder in einer Scheune. Die Geburt, das Aufwachsen der Welpen etc. passiert bei uns im Wohnzimmer, mitten im Familienleben. <\/p>\n\n\n\n<p>So bekommen die Welpen einen guten Start in ihr Leben. Sie gew\u00f6hnen sich an allt\u00e4gliche Ger\u00e4usche und Abl\u00e4ufe - bereits ab dem ersten Tag.<\/p>\n\n\n\n<figure class=\"wp-block-image size-large\"><img loading=\"lazy\" decoding=\"async\" width=\"1024\" height=\"577\" src=\"https:\/\/www.lovedoodles.eu\/wp-content\/uploads\/2022\/04\/20220422_101413-1024x577.jpg\" alt=\"Australian Labradoodle Lovedoodles Reina puppies bijelkaar nest\" class=\"wp-image-985\" srcset=\"https:\/\/www.lovedoodles.eu\/wp-content\/uploads\/2022\/04\/20220422_101413-1024x577.jpg 1024w, https:\/\/www.lovedoodles.eu\/wp-content\/uploads\/2022\/04\/20220422_101413-300x169.jpg 300w, https:\/\/www.lovedoodles.eu\/wp-content\/uploads\/2022\/04\/20220422_101413-768x432.jpg 768w, https:\/\/www.lovedoodles.eu\/wp-content\/uploads\/2022\/04\/20220422_101413-1536x865.jpg 1536w, https:\/\/www.lovedoodles.eu\/wp-content\/uploads\/2022\/04\/20220422_101413-2048x1153.jpg 2048w, https:\/\/www.lovedoodles.eu\/wp-content\/uploads\/2022\/04\/20220422_101413-18x10.jpg 18w, https:\/\/www.lovedoodles.eu\/wp-content\/uploads\/2022\/04\/20220422_101413-675x380.jpg 675w\" sizes=\"auto, (max-width: 1024px) 100vw, 1024px\" \/><figcaption>Labradoodle Reine und Ihre Welpen<\/figcaption><\/figure>\n\n\n\n<h2 class=\"wp-block-heading\"><strong>Getestet<\/strong><\/h2>\n\n\n\n<p>Die Mutterhunde, sowie auch der R\u00fcde die wir nutzen sind vollst\u00e4ndig getestet und Untersucht bevor wir uns dazu entscheiden ein Wurf zu bekommen. Der J\u00e4hrliche Augentest (ECVO) wird gemacht bei einem spezialisiertem Tierarzt. Vererbbare Abweichungen testen wir \u00fcber eine DNA Untersuchung. Getestet wird auf mehr als 170 m\u00f6gliche Erbkrankheiten und Abweichungen. Die Ellenbogen (ED) und H\u00fcften (HD) werden getestet mittels ein R\u00f6ntgenbild durch den Tierarzt. So sorgen wir daf\u00fcr, dass allesm\u00f6gliche gemacht wird, um Abweichungen und Probleme vorzubeugen.<\/p>\n\n\n\n<h2 class=\"wp-block-heading\"><strong>Sozialisierung<\/strong><\/h2>\n\n\n\n<p>Die Welpen wachsen in unserem Wohnzimmer auf, zusammen mit der Mutter und alle anderen Hunden, unsere Familie und jeder der bei uns zu besuch kommt. Unsere Familie besteht aus 7 Personen, also sehr anstrengend und Lebhaft. Wir finden es sehr wichtig, dass die Welpen gut sozialisiert werden, deshalb versuchen wir soviel wie m\u00f6glich in den ersten 8 Wochen vom Leben der Welpen zu machen, denke dabei an: Autofahren, Fahrten im Bollerwagen oder Tierarztbesuche etc.<\/p>\n\n\n\n<figure class=\"wp-block-image size-large\"><img loading=\"lazy\" decoding=\"async\" width=\"1024\" height=\"461\" src=\"https:\/\/www.lovedoodles.eu\/wp-content\/uploads\/2022\/04\/20220312_113453-1024x461.jpg\" alt=\"Australian Labradoodle Lovedoodles puppies bijelkaar nest huiskamer\" class=\"wp-image-988\" srcset=\"https:\/\/www.lovedoodles.eu\/wp-content\/uploads\/2022\/04\/20220312_113453-1024x461.jpg 1024w, https:\/\/www.lovedoodles.eu\/wp-content\/uploads\/2022\/04\/20220312_113453-300x135.jpg 300w, https:\/\/www.lovedoodles.eu\/wp-content\/uploads\/2022\/04\/20220312_113453-768x346.jpg 768w, https:\/\/www.lovedoodles.eu\/wp-content\/uploads\/2022\/04\/20220312_113453-1536x691.jpg 1536w, https:\/\/www.lovedoodles.eu\/wp-content\/uploads\/2022\/04\/20220312_113453-2048x922.jpg 2048w, https:\/\/www.lovedoodles.eu\/wp-content\/uploads\/2022\/04\/20220312_113453-18x8.jpg 18w, https:\/\/www.lovedoodles.eu\/wp-content\/uploads\/2022\/04\/20220312_113453-844x380.jpg 844w\" sizes=\"auto, (max-width: 1024px) 100vw, 1024px\" \/><\/figure>\n\n\n\n<h2 class=\"wp-block-heading\"><strong>Das neue Zuhause<\/strong><\/h2>\n\n\n\n<p>Nach 8 Wochen d\u00fcrfen die Welpen in ihr neues Zuhause, auch dann ist das sozialisieren jedoch noch nicht vorbei!! Die ersten 16 Wochen eines Welpen sind die wichtigsten. In dieser Phase lernen die Welpen sehr schnell und einfach und Sie verlieren ihre Angst. Wir raten immer zu einem Welpentraining (F\u00fcr soziale kontakte und Interaktion) Nehmen Sie Ihren Welpen auch soviel wie m\u00f6glich mit, z.B. im Auto, zum Sportplatz, zur Arbeit oder zur Familie, so kann Ihr Welpe sich an Ihrem Alltag gew\u00f6hnen.<\/p>\n\n\n\n<figure class=\"wp-block-image size-large\"><img loading=\"lazy\" decoding=\"async\" width=\"1024\" height=\"461\" src=\"https:\/\/www.lovedoodles.eu\/wp-content\/uploads\/2022\/04\/20220305_153142-1024x461.jpg\" alt=\"Australian Labradoodle Lovedoodles puppies Marcel bijelkaar buiten socialisatie\" class=\"wp-image-991\" srcset=\"https:\/\/www.lovedoodles.eu\/wp-content\/uploads\/2022\/04\/20220305_153142-1024x461.jpg 1024w, https:\/\/www.lovedoodles.eu\/wp-content\/uploads\/2022\/04\/20220305_153142-300x135.jpg 300w, https:\/\/www.lovedoodles.eu\/wp-content\/uploads\/2022\/04\/20220305_153142-768x346.jpg 768w, https:\/\/www.lovedoodles.eu\/wp-content\/uploads\/2022\/04\/20220305_153142-1536x691.jpg 1536w, https:\/\/www.lovedoodles.eu\/wp-content\/uploads\/2022\/04\/20220305_153142-2048x922.jpg 2048w, https:\/\/www.lovedoodles.eu\/wp-content\/uploads\/2022\/04\/20220305_153142-18x8.jpg 18w, https:\/\/www.lovedoodles.eu\/wp-content\/uploads\/2022\/04\/20220305_153142-844x380.jpg 844w\" sizes=\"auto, (max-width: 1024px) 100vw, 1024px\" \/><\/figure>","protected":false},"excerpt":{"rendered":"<p>Als fokker van Labradoodles vinden wij het heel belangrijk om tijd en aandacht te besteden aan onze honden en aan de pups die bij ons geboren worden. Bij Lovedoodles leven de honden allemaal in huis. Niet in kennels, buiten of in schuren. De geboorte, het opgroeien van de pups gebeurt bij ons in de woonkamer &hellip; <a href=\"https:\/\/www.lovedoodles.eu\/de\/puppies\/\" class=\"more-link\">Weiterlesen <span class=\"screen-reader-text\">Welpen<\/span><\/a><\/p>","protected":false},"author":1,"featured_media":0,"parent":0,"menu_order":0,"comment_status":"closed","ping_status":"closed","template":"","meta":{"footnotes":""},"class_list":["post-898","page","type-page","status-publish","hentry","without-featured-image"],"yoast_head":"<!-- This site is optimized with the Yoast SEO plugin v26.8 - https:\/\/yoast.com\/product\/yoast-seo-wordpress\/ -->\n<title>Puppies - Lovedoodles Australian Labradoodles<\/title>\n<meta name=\"robots\" content=\"index, follow, max-snippet:-1, max-image-preview:large, max-video-preview:-1\" \/>\n<link rel=\"canonical\" href=\"https:\/\/www.lovedoodles.eu\/de\/puppies\/\" \/>\n<meta property=\"og:locale\" content=\"de_DE\" \/>\n<meta property=\"og:type\" content=\"article\" \/>\n<meta property=\"og:title\" content=\"Puppies - Lovedoodles Australian Labradoodles\" \/>\n<meta property=\"og:description\" content=\"Als fokker van Labradoodles vinden wij het heel belangrijk om tijd en aandacht te besteden aan onze honden en aan de pups die bij ons geboren worden. Bij Lovedoodles leven de honden allemaal in huis. Niet in kennels, buiten of in schuren. De geboorte, het opgroeien van de pups gebeurt bij ons in de woonkamer &hellip; Weiterlesen Puppies\" \/>\n<meta property=\"og:url\" content=\"https:\/\/www.lovedoodles.eu\/de\/puppies\/\" \/>\n<meta property=\"og:site_name\" content=\"Lovedoodles Australian Labradoodles\" \/>\n<meta property=\"article:publisher\" content=\"https:\/\/www.facebook.com\/lovedoodleseurope\/\" \/>\n<meta property=\"article:modified_time\" content=\"2022-04-28T05:39:07+00:00\" \/>\n<meta property=\"og:image\" content=\"https:\/\/www.lovedoodles.eu\/wp-content\/uploads\/2022\/04\/20220422_101413-1024x577.jpg\" \/>\n<meta name=\"twitter:card\" content=\"summary_large_image\" \/>\n<meta name=\"twitter:label1\" content=\"Gesch\u00e4tzte Lesezeit\" \/>\n\t<meta name=\"twitter:data1\" content=\"3\u00a0Minuten\" \/>\n<script type=\"application\/ld+json\" class=\"yoast-schema-graph\">{\"@context\":\"https:\/\/schema.org\",\"@graph\":[{\"@type\":\"WebPage\",\"@id\":\"https:\/\/www.lovedoodles.eu\/puppies\/\",\"url\":\"https:\/\/www.lovedoodles.eu\/puppies\/\",\"name\":\"Puppies - Lovedoodles Australian Labradoodles\",\"isPartOf\":{\"@id\":\"https:\/\/www.lovedoodles.eu\/#website\"},\"primaryImageOfPage\":{\"@id\":\"https:\/\/www.lovedoodles.eu\/puppies\/#primaryimage\"},\"image\":{\"@id\":\"https:\/\/www.lovedoodles.eu\/puppies\/#primaryimage\"},\"thumbnailUrl\":\"https:\/\/www.lovedoodles.eu\/wp-content\/uploads\/2022\/04\/20220422_101413-1024x577.jpg\",\"datePublished\":\"2020-09-25T06:31:28+00:00\",\"dateModified\":\"2022-04-28T05:39:07+00:00\",\"breadcrumb\":{\"@id\":\"https:\/\/www.lovedoodles.eu\/puppies\/#breadcrumb\"},\"inLanguage\":\"de\",\"potentialAction\":[{\"@type\":\"ReadAction\",\"target\":[\"https:\/\/www.lovedoodles.eu\/puppies\/\"]}]},{\"@type\":\"ImageObject\",\"inLanguage\":\"de\",\"@id\":\"https:\/\/www.lovedoodles.eu\/puppies\/#primaryimage\",\"url\":\"https:\/\/www.lovedoodles.eu\/wp-content\/uploads\/2022\/04\/20220422_101413-1024x577.jpg\",\"contentUrl\":\"https:\/\/www.lovedoodles.eu\/wp-content\/uploads\/2022\/04\/20220422_101413-1024x577.jpg\"},{\"@type\":\"BreadcrumbList\",\"@id\":\"https:\/\/www.lovedoodles.eu\/puppies\/#breadcrumb\",\"itemListElement\":[{\"@type\":\"ListItem\",\"position\":1,\"name\":\"Home\",\"item\":\"https:\/\/www.lovedoodles.eu\/\"},{\"@type\":\"ListItem\",\"position\":2,\"name\":\"Puppies\"}]},{\"@type\":\"WebSite\",\"@id\":\"https:\/\/www.lovedoodles.eu\/#website\",\"url\":\"https:\/\/www.lovedoodles.eu\/\",\"name\":\"Lovedoodles.EU\",\"description\":\"Australian Labradoodle Zucht aus NRW\",\"publisher\":{\"@id\":\"https:\/\/www.lovedoodles.eu\/#organization\"},\"potentialAction\":[{\"@type\":\"SearchAction\",\"target\":{\"@type\":\"EntryPoint\",\"urlTemplate\":\"https:\/\/www.lovedoodles.eu\/?s={search_term_string}\"},\"query-input\":{\"@type\":\"PropertyValueSpecification\",\"valueRequired\":true,\"valueName\":\"search_term_string\"}}],\"inLanguage\":\"de\"},{\"@type\":\"Organization\",\"@id\":\"https:\/\/www.lovedoodles.eu\/#organization\",\"name\":\"Lovedoodles\",\"url\":\"https:\/\/www.lovedoodles.eu\/\",\"logo\":{\"@type\":\"ImageObject\",\"inLanguage\":\"de\",\"@id\":\"https:\/\/www.lovedoodles.eu\/#\/schema\/logo\/image\/\",\"url\":\"https:\/\/www.lovedoodles.eu\/wp-content\/uploads\/2018\/08\/Logo-2.png\",\"contentUrl\":\"https:\/\/www.lovedoodles.eu\/wp-content\/uploads\/2018\/08\/Logo-2.png\",\"width\":77,\"height\":42,\"caption\":\"Lovedoodles\"},\"image\":{\"@id\":\"https:\/\/www.lovedoodles.eu\/#\/schema\/logo\/image\/\"},\"sameAs\":[\"https:\/\/www.facebook.com\/lovedoodleseurope\/\"]}]}<\/script>\n<!-- \/ Yoast SEO plugin. -->","yoast_head_json":{"title":"Puppies - Lovedoodles Australian Labradoodles","robots":{"index":"index","follow":"follow","max-snippet":"max-snippet:-1","max-image-preview":"max-image-preview:large","max-video-preview":"max-video-preview:-1"},"canonical":"https:\/\/www.lovedoodles.eu\/de\/puppies\/","og_locale":"de_DE","og_type":"article","og_title":"Puppies - Lovedoodles Australian Labradoodles","og_description":"Als fokker van Labradoodles vinden wij het heel belangrijk om tijd en aandacht te besteden aan onze honden en aan de pups die bij ons geboren worden. Bij Lovedoodles leven de honden allemaal in huis. Niet in kennels, buiten of in schuren. De geboorte, het opgroeien van de pups gebeurt bij ons in de woonkamer &hellip; Weiterlesen Puppies","og_url":"https:\/\/www.lovedoodles.eu\/de\/puppies\/","og_site_name":"Lovedoodles Australian Labradoodles","article_publisher":"https:\/\/www.facebook.com\/lovedoodleseurope\/","article_modified_time":"2022-04-28T05:39:07+00:00","og_image":[{"url":"https:\/\/www.lovedoodles.eu\/wp-content\/uploads\/2022\/04\/20220422_101413-1024x577.jpg","type":"","width":"","height":""}],"twitter_card":"summary_large_image","twitter_misc":{"Gesch\u00e4tzte Lesezeit":"3\u00a0Minuten"},"schema":{"@context":"https:\/\/schema.org","@graph":[{"@type":"WebPage","@id":"https:\/\/www.lovedoodles.eu\/puppies\/","url":"https:\/\/www.lovedoodles.eu\/puppies\/","name":"Puppies - Lovedoodles Australian Labradoodles","isPartOf":{"@id":"https:\/\/www.lovedoodles.eu\/#website"},"primaryImageOfPage":{"@id":"https:\/\/www.lovedoodles.eu\/puppies\/#primaryimage"},"image":{"@id":"https:\/\/www.lovedoodles.eu\/puppies\/#primaryimage"},"thumbnailUrl":"https:\/\/www.lovedoodles.eu\/wp-content\/uploads\/2022\/04\/20220422_101413-1024x577.jpg","datePublished":"2020-09-25T06:31:28+00:00","dateModified":"2022-04-28T05:39:07+00:00","breadcrumb":{"@id":"https:\/\/www.lovedoodles.eu\/puppies\/#breadcrumb"},"inLanguage":"de","potentialAction":[{"@type":"ReadAction","target":["https:\/\/www.lovedoodles.eu\/puppies\/"]}]},{"@type":"ImageObject","inLanguage":"de","@id":"https:\/\/www.lovedoodles.eu\/puppies\/#primaryimage","url":"https:\/\/www.lovedoodles.eu\/wp-content\/uploads\/2022\/04\/20220422_101413-1024x577.jpg","contentUrl":"https:\/\/www.lovedoodles.eu\/wp-content\/uploads\/2022\/04\/20220422_101413-1024x577.jpg"},{"@type":"BreadcrumbList","@id":"https:\/\/www.lovedoodles.eu\/puppies\/#breadcrumb","itemListElement":[{"@type":"ListItem","position":1,"name":"Home","item":"https:\/\/www.lovedoodles.eu\/"},{"@type":"ListItem","position":2,"name":"Puppies"}]},{"@type":"WebSite","@id":"https:\/\/www.lovedoodles.eu\/#website","url":"https:\/\/www.lovedoodles.eu\/","name":"Lovedoodles.EU","description":"Australian Labradoodle Zucht aus NRW","publisher":{"@id":"https:\/\/www.lovedoodles.eu\/#organization"},"potentialAction":[{"@type":"SearchAction","target":{"@type":"EntryPoint","urlTemplate":"https:\/\/www.lovedoodles.eu\/?s={search_term_string}"},"query-input":{"@type":"PropertyValueSpecification","valueRequired":true,"valueName":"search_term_string"}}],"inLanguage":"de"},{"@type":"Organization","@id":"https:\/\/www.lovedoodles.eu\/#organization","name":"Lovedoodles","url":"https:\/\/www.lovedoodles.eu\/","logo":{"@type":"ImageObject","inLanguage":"de","@id":"https:\/\/www.lovedoodles.eu\/#\/schema\/logo\/image\/","url":"https:\/\/www.lovedoodles.eu\/wp-content\/uploads\/2018\/08\/Logo-2.png","contentUrl":"https:\/\/www.lovedoodles.eu\/wp-content\/uploads\/2018\/08\/Logo-2.png","width":77,"height":42,"caption":"Lovedoodles"},"image":{"@id":"https:\/\/www.lovedoodles.eu\/#\/schema\/logo\/image\/"},"sameAs":["https:\/\/www.facebook.com\/lovedoodleseurope\/"]}]}},"_links":{"self":[{"href":"https:\/\/www.lovedoodles.eu\/de\/wp-json\/wp\/v2\/pages\/898","targetHints":{"allow":["GET"]}}],"collection":[{"href":"https:\/\/www.lovedoodles.eu\/de\/wp-json\/wp\/v2\/pages"}],"about":[{"href":"https:\/\/www.lovedoodles.eu\/de\/wp-json\/wp\/v2\/types\/page"}],"author":[{"embeddable":true,"href":"https:\/\/www.lovedoodles.eu\/de\/wp-json\/wp\/v2\/users\/1"}],"replies":[{"embeddable":true,"href":"https:\/\/www.lovedoodles.eu\/de\/wp-json\/wp\/v2\/comments?post=898"}],"version-history":[{"count":8,"href":"https:\/\/www.lovedoodles.eu\/de\/wp-json\/wp\/v2\/pages\/898\/revisions"}],"predecessor-version":[{"id":1018,"href":"https:\/\/www.lovedoodles.eu\/de\/wp-json\/wp\/v2\/pages\/898\/revisions\/1018"}],"wp:attachment":[{"href":"https:\/\/www.lovedoodles.eu\/de\/wp-json\/wp\/v2\/media?parent=898"}],"curies":[{"name":"wp","href":"https:\/\/api.w.org\/{rel}","templated":true}]}}